{"id":65850,"date":"2025-07-11T00:51:13","date_gmt":"2025-07-11T00:51:13","guid":{"rendered":"https:\/\/kuberaacquisitions.com\/?page_id=65850"},"modified":"2025-07-19T05:18:05","modified_gmt":"2025-07-19T05:18:05","slug":"blog","status":"publish","type":"page","link":"https:\/\/kuberaacquisitions.com\/?page_id=65850","title":{"rendered":"BLOG"},"content":{"rendered":"<p>[et_pb_section fb_built=&#8221;1&#8243; custom_padding_last_edited=&#8221;on|tablet&#8221; _builder_version=&#8221;4.22.1&#8243; background_color=&#8221;#000000&#8243; background_enable_pattern_style=&#8221;on&#8221; background_pattern_style=&#8221;zig-zag-2&#8243; background_pattern_color=&#8221;rgba(255,255,255,0.06)&#8221; custom_margin=&#8221;0px||0px||true|false&#8221; custom_padding=&#8221;0px||0px||false|false&#8221; custom_padding_tablet=&#8221;80px||80px||false|false&#8221; custom_padding_phone=&#8221;0px||0px||true|false&#8221; global_colors_info=&#8221;{}&#8221;][et_pb_row _builder_version=&#8221;4.22.1&#8243; _module_preset=&#8221;default&#8221; width=&#8221;100%&#8221; max_width=&#8221;3000px&#8221; custom_padding=&#8221;1px||0px|||&#8221; global_colors_info=&#8221;{}&#8221;][et_pb_column type=&#8221;4_4&#8243; _builder_version=&#8221;4.19.4&#8243; _module_preset=&#8221;default&#8221; global_colors_info=&#8221;{}&#8221;][dipi_before_after_slider before_image=&#8221;https:\/\/kuberaacquisitions.com\/wp-content\/uploads\/2025\/07\/MERGERS-ACQUISITIONS-25.jpg&#8221; after_image=&#8221;https:\/\/kuberaacquisitions.com\/wp-content\/uploads\/2025\/07\/MERGERS-ACQUISITIONS-26.jpg&#8221; move_slider=&#8221;on_hover&#8221; handle_icon=&#8221;arrow&#8221; before_label=&#8221;Before &#8221; after_label=&#8221;After &#8221; before_label_bg_color=&#8221;#FFFFFF&#8221; after_label_bg_color=&#8221;#ffffff&#8221; enable_overlay=&#8221;off&#8221; slider_color=&#8221;RGBA(255,255,255,0)&#8221; slider_width=&#8221;0px&#8221; handle_container_bg_blur=&#8221;10px&#8221; handle_circle_size=&#8221;50px&#8221; handle_circle_border_width=&#8221;2px&#8221; handle_circle_border_style=&#8221;dashed&#8221; handle_icon_arrow_width=&#8221;2px&#8221; handle_hover_icon_gap=&#8221;8&#8243; handle_circle_size_tablet=&#8221;50px&#8221; handle_circle_size_phone=&#8221;35px&#8221; handle_circle_size_last_edited=&#8221;on|phone&#8221; handle_icon_size_tablet=&#8221;&#8221; handle_icon_size_phone=&#8221;5px&#8221; handle_icon_size_last_edited=&#8221;on|phone&#8221; handle_icon_gap_tablet=&#8221;&#8221; handle_icon_gap_phone=&#8221;4&#8243; handle_icon_gap_last_edited=&#8221;on|phone&#8221; handle_hover_icon_gap_tablet=&#8221;8&#8243; handle_hover_icon_gap_phone=&#8221;6&#8243; handle_hover_icon_gap_last_edited=&#8221;on|phone&#8221; _builder_version=&#8221;4.22.1&#8243; _module_preset=&#8221;default&#8221; labels_font=&#8221;Poppins|||on|||||&#8221; labels_text_color=&#8221;#000000&#8243; labels_font_size=&#8221;16px&#8221; labels_font_size_tablet=&#8221;&#8221; labels_font_size_phone=&#8221;10px&#8221; labels_font_size_last_edited=&#8221;on|phone&#8221; labels_line_height_tablet=&#8221;&#8221; labels_line_height_phone=&#8221;2.6em&#8221; labels_line_height_last_edited=&#8221;on|phone&#8221; custom_css_dss_image_before=&#8221;filter: saturate(30%);&#8221; custom_css_dss_label_before=&#8221;top: 90%;&#8221; custom_css_dss_label_after=&#8221;top: 90%;&#8221; border_width_all_slider_line=&#8221;1px&#8221; border_color_all_slider_line=&#8221;#FFFFFF&#8221; border_style_all_slider_line=&#8221;dashed&#8221; global_colors_info=&#8221;{}&#8221; custom_css_dss_label_after_last_edited=&#8221;on|desktop&#8221; custom_css_dss_label_after_phone=&#8221;top: 80%;||letter-spacing: 0;&#8221; custom_css_dss_label_before_last_edited=&#8221;on|phone&#8221; custom_css_dss_label_before_phone=&#8221;top: 80%;||letter-spacing: 0;&#8221; custom_css_dss_label_after_tablet=&#8221;top: 90%;&#8221; custom_css_dss_label_before_tablet=&#8221;top: 90%;&#8221;][\/dipi_before_after_slider][\/et_pb_column][\/et_pb_row][\/et_pb_section][et_pb_section fb_built=&#8221;1&#8243; _builder_version=&#8221;4.22.1&#8243; _module_preset=&#8221;default&#8221; background_color=&#8221;rgba(0,99,1,0.11)&#8221; background_enable_mask_style=&#8221;on&#8221; background_mask_style=&#8221;blades&#8221; background_mask_color=&#8221;rgba(255,255,255,0.39)&#8221; background_mask_transform=&#8221;invert&#8221; custom_padding=&#8221;0px||32px||false|false&#8221; global_colors_info=&#8221;{}&#8221;][et_pb_row _builder_version=&#8221;4.22.1&#8243; _module_preset=&#8221;default&#8221; width=&#8221;90%&#8221; max_width=&#8221;3000px&#8221; custom_padding=&#8221;40px||0px||false|false&#8221; global_colors_info=&#8221;{}&#8221;][et_pb_column type=&#8221;4_4&#8243; _builder_version=&#8221;4.22.1&#8243; _module_preset=&#8221;default&#8221; global_colors_info=&#8221;{}&#8221;][et_pb_divider _builder_version=&#8221;4.22.1&#8243; _module_preset=&#8221;default&#8221; divider_weight=&#8221;8px&#8221; width=&#8221;10%&#8221; hover_enabled=&#8221;0&#8243; sticky_enabled=&#8221;0&#8243; custom_padding=&#8221;0px||0px||true|false&#8221; custom_margin=&#8221;-5px||9px||false|false&#8221;][\/et_pb_divider][et_pb_text _builder_version=&#8221;4.22.1&#8243; _module_preset=&#8221;default&#8221; text_font=&#8221;Poppins|600|||||||&#8221; text_text_color=&#8221;#000000&#8243; text_font_size=&#8221;40px&#8221; text_line_height=&#8221;1em&#8221; text_line_height_tablet=&#8221;&#8221; text_line_height_phone=&#8221;1em&#8221; text_line_height_last_edited=&#8221;on|phone&#8221; global_colors_info=&#8221;{}&#8221;]<\/p>\n<p style=\"text-align: left;\">Where capital meets opportunity<\/p>\n<p>[\/et_pb_text][et_pb_text _builder_version=&#8221;4.22.1&#8243; _module_preset=&#8221;default&#8221; text_font=&#8221;Poppins|300|||||||&#8221; text_text_color=&#8221;#000000&#8243; text_font_size=&#8221;20px&#8221; header_2_font=&#8221;Strait||||||||&#8221; header_2_text_color=&#8221;#FFFFFF&#8221; header_3_font=&#8221;Strait||||||||&#8221; header_3_text_color=&#8221;#000000&#8243; custom_margin=&#8221;||0px||false|false&#8221; custom_padding=&#8221;||0px||false|false&#8221; global_colors_info=&#8221;{}&#8221;]<\/p>\n<h3 style=\"text-align: left;\">Fast, flexible real estate loans for global investors.<\/h3>\n<ul>\n<li style=\"text-align: left;\">No credit checks.<\/li>\n<li style=\"text-align: left;\">No income verification.<\/li>\n<li style=\"text-align: left;\">No SSN required.<\/li>\n<\/ul>\n<p>[\/et_pb_text][\/et_pb_column][\/et_pb_row][et_pb_row column_structure=&#8221;1_3,1_3,1_3&#8243; use_custom_gutter=&#8221;on&#8221; gutter_width=&#8221;2&#8243; _builder_version=&#8221;4.22.1&#8243; _module_preset=&#8221;default&#8221; width=&#8221;90%&#8221; max_width=&#8221;3000px&#8221; custom_padding=&#8221;12px||18px||false|false&#8221; global_colors_info=&#8221;{}&#8221;][et_pb_column type=&#8221;1_3&#8243; _builder_version=&#8221;4.22.1&#8243; _module_preset=&#8221;default&#8221; background_enable_image=&#8221;off&#8221; border_width_right=&#8221;2px&#8221; global_colors_info=&#8221;{}&#8221;][et_pb_blurb title=&#8221;Hard Money Loan:&#8221; image=&#8221;https:\/\/kuberaacquisitions.com\/wp-content\/uploads\/2025\/07\/MERGERS-ACQUISITIONS-24.jpg&#8221; _builder_version=&#8221;4.22.1&#8243; _module_preset=&#8221;default&#8221; header_font=&#8221;Poppins|600|||||||&#8221; header_text_color=&#8221;#000000&#8243; header_font_size=&#8221;20px&#8221; body_font=&#8221;Poppins|300|||||||&#8221; body_text_color=&#8221;#000000&#8243; body_font_size=&#8221;16px&#8221; custom_margin=&#8221;0px||0px||true|false&#8221; custom_padding=&#8221;10px|20px|10px|20px|true|true&#8221; animation_style=&#8221;zoom&#8221; global_colors_info=&#8221;{}&#8221;]<\/p>\n<p><span>A short-term loan secured by real estate, primarily used for investment purposes. <\/span><\/p>\n<p>[\/et_pb_blurb][\/et_pb_column][et_pb_column type=&#8221;1_3&#8243; _builder_version=&#8221;4.22.1&#8243; _module_preset=&#8221;default&#8221; background_enable_image=&#8221;off&#8221; animation_style=&#8221;zoom&#8221; global_colors_info=&#8221;{}&#8221; transform_styles__hover_enabled=&#8221;on|hover&#8221; transform_scale__hover_enabled=&#8221;on|hover&#8221; transform_translate__hover_enabled=&#8221;on|desktop&#8221; transform_rotate__hover_enabled=&#8221;on|desktop&#8221; transform_skew__hover_enabled=&#8221;on|desktop&#8221; transform_origin__hover_enabled=&#8221;on|desktop&#8221; transform_scale__hover=&#8221;102%|102%&#8221;][et_pb_blurb title=&#8221;Private Lending:&#8221; image=&#8221;https:\/\/kuberaacquisitions.com\/wp-content\/uploads\/2025\/07\/MERGERS-ACQUISITIONS-19.jpg&#8221; _builder_version=&#8221;4.22.1&#8243; _module_preset=&#8221;default&#8221; header_font=&#8221;Poppins|600|||||||&#8221; header_text_color=&#8221;#000000&#8243; header_font_size=&#8221;20px&#8221; body_font=&#8221;Poppins|300|||||||&#8221; body_text_color=&#8221;#000000&#8243; body_font_size=&#8221;16px&#8221; custom_margin=&#8221;0px||0px||true|false&#8221; custom_padding=&#8221;10px|20px|10px|20px|true|true&#8221; global_colors_info=&#8221;{}&#8221;]<\/p>\n<p><span>Loans funded by private individuals or companies rather than traditional banks.<\/span><\/p>\n<p>[\/et_pb_blurb][\/et_pb_column][et_pb_column type=&#8221;1_3&#8243; _builder_version=&#8221;4.22.1&#8243; _module_preset=&#8221;default&#8221; background_enable_image=&#8221;off&#8221; border_width_left=&#8221;2px&#8221; global_colors_info=&#8221;{}&#8221;][et_pb_blurb title=&#8221;Loan-to-Value (LTV) Ratio:&#8221; image=&#8221;https:\/\/kuberaacquisitions.com\/wp-content\/uploads\/2025\/07\/MERGERS-ACQUISITIONS-20.jpg&#8221; _builder_version=&#8221;4.22.1&#8243; _module_preset=&#8221;default&#8221; header_font=&#8221;Poppins|600|||||||&#8221; header_text_color=&#8221;#000000&#8243; header_font_size=&#8221;20px&#8221; body_font=&#8221;Poppins|300|||||||&#8221; body_text_color=&#8221;#000000&#8243; body_font_size=&#8221;16px&#8221; custom_margin=&#8221;0px||0px||true|false&#8221; custom_padding=&#8221;10px|20px|10px|20px|true|true&#8221; animation_style=&#8221;zoom&#8221; global_colors_info=&#8221;{}&#8221;]<\/p>\n<p><span>The ratio of the loan amount to the property&#8217;s value, affecting risk and interest rates.<\/span><\/p>\n<p>[\/et_pb_blurb][\/et_pb_column][\/et_pb_row][\/et_pb_section][et_pb_section fb_built=&#8221;1&#8243; specialty=&#8221;on&#8221; padding_top_1=&#8221;0px&#8221; padding_top_2=&#8221;0px&#8221; padding_bottom_1=&#8221;0px&#8221; padding_bottom_2=&#8221;0px&#8221; padding_top_bottom_link_1=&#8221;true&#8221; padding_top_bottom_link_2=&#8221;true&#8221; padding_left_right_link_1=&#8221;false&#8221; padding_left_right_link_2=&#8221;false&#8221; _builder_version=&#8221;4.22.1&#8243; _module_preset=&#8221;default&#8221; background_color=&#8221;rgba(0,0,0,0.5)&#8221; background_image=&#8221;https:\/\/kuberaacquisitions.com\/wp-content\/uploads\/2025\/06\/ChatGPT-Image-26-jun-2025-01_51_02-a.m.png&#8221; background_blend=&#8221;multiply&#8221; background_enable_mask_style=&#8221;on&#8221; background_mask_style=&#8221;chevrons&#8221; background_mask_color=&#8221;rgba(255,255,255,0.02)&#8221; background_mask_transform=&#8221;flip_horizontal|invert&#8221; width=&#8221;100%&#8221; custom_margin=&#8221;0px||0px||true|false&#8221; custom_padding=&#8221;27px||27px||true|false&#8221; global_module=&#8221;23479141&#8243; saved_tabs=&#8221;all&#8221; global_colors_info=&#8221;{}&#8221;][et_pb_column type=&#8221;1_2&#8243; specialty_columns=&#8221;2&#8243; _builder_version=&#8221;4.16&#8243; custom_padding=&#8221;|||&#8221; global_colors_info=&#8221;{}&#8221; custom_padding__hover=&#8221;|||&#8221;][et_pb_row_inner _builder_version=&#8221;4.22.1&#8243; _module_preset=&#8221;default&#8221; width=&#8221;100%&#8221; max_width=&#8221;3000px&#8221; custom_margin=&#8221;2px||2px||true|false&#8221; custom_padding=&#8221;0px||0px||true|false&#8221; global_colors_info=&#8221;{}&#8221;][et_pb_column_inner saved_specialty_column_type=&#8221;1_2&#8243; _builder_version=&#8221;4.22.1&#8243; _module_preset=&#8221;default&#8221; global_colors_info=&#8221;{}&#8221;][et_pb_text _builder_version=&#8221;4.22.1&#8243; text_font=&#8221;Poppins|300|||||||&#8221; text_text_color=&#8221;#FFFFFF&#8221; text_font_size=&#8221;20px&#8221; text_letter_spacing=&#8221;1px&#8221; text_line_height=&#8221;1.1em&#8221; custom_margin=&#8221;0px||0px||true|false&#8221; custom_padding=&#8221;0px||0px||true|false&#8221; text_font_size_tablet=&#8221;&#8221; text_font_size_phone=&#8221;22px&#8221; text_font_size_last_edited=&#8221;on|phone&#8221; text_text_shadow_style=&#8221;preset1&#8243; global_colors_info=&#8221;{}&#8221;]<\/p>\n<p>Ready to unlock your next great investment opportunity?<\/p>\n<p>[\/et_pb_text][et_pb_text _builder_version=&#8221;4.22.1&#8243; text_font=&#8221;Poppins|300|||||||&#8221; text_text_color=&#8221;#FFFFFF&#8221; text_font_size=&#8221;32px&#8221; text_letter_spacing=&#8221;1px&#8221; text_line_height=&#8221;1.1em&#8221; header_3_font=&#8221;Poppins|600|||||||&#8221; header_3_text_color=&#8221;#FFFFFF&#8221; header_3_font_size=&#8221;38px&#8221; custom_margin=&#8221;20px||0px||false|false&#8221; custom_padding=&#8221;0px||0px||true|false&#8221; header_3_font_size_tablet=&#8221;&#8221; header_3_font_size_phone=&#8221;30px&#8221; header_3_font_size_last_edited=&#8221;on|phone&#8221; text_text_shadow_style=&#8221;preset1&#8243; global_colors_info=&#8221;{}&#8221;]<\/p>\n<h3>Contact us today and let&#8217;s build your future together.<\/h3>\n<p>[\/et_pb_text][\/et_pb_column_inner][\/et_pb_row_inner][et_pb_row_inner column_structure=&#8221;1_2,1_2&#8243; use_custom_gutter=&#8221;on&#8221; gutter_width=&#8221;2&#8243; _builder_version=&#8221;4.22.1&#8243; _module_preset=&#8221;default&#8221; width=&#8221;100%&#8221; max_width=&#8221;3000%&#8221; global_colors_info=&#8221;{}&#8221;][et_pb_column_inner type=&#8221;1_2&#8243; saved_specialty_column_type=&#8221;1_2&#8243; _builder_version=&#8221;4.22.1&#8243; _module_preset=&#8221;default&#8221; global_colors_info=&#8221;{}&#8221;][et_pb_image src=&#8221;https:\/\/kuberaacquisitions.com\/wp-content\/uploads\/2025\/07\/Diseno-sin-titulo-5-e1752027785511.png&#8221; title_text=&#8221;KUBERA&#8221; url=&#8221;https:\/\/kuberaacquisitions.com\/&#8221; align=&#8221;right&#8221; _builder_version=&#8221;4.22.1&#8243; _module_preset=&#8221;default&#8221; custom_margin=&#8221;|0%||0%|false|false&#8221; global_colors_info=&#8221;{}&#8221;][\/et_pb_image][\/et_pb_column_inner][et_pb_column_inner type=&#8221;1_2&#8243; saved_specialty_column_type=&#8221;1_2&#8243; _builder_version=&#8221;4.22.1&#8243; _module_preset=&#8221;default&#8221; global_colors_info=&#8221;{}&#8221;][et_pb_blurb title=&#8221;West Boca Executive Suites&#8221; use_icon=&#8221;on&#8221; font_icon=&#8221;&#xe01d;||divi||400&#8243; icon_color=&#8221;#FFFFFF&#8221; icon_placement=&#8221;left&#8221; image_icon_width=&#8221;40px&#8221; _builder_version=&#8221;4.22.1&#8243; _module_preset=&#8221;default&#8221; header_font=&#8221;Poppins|600|||||||&#8221; header_text_align=&#8221;left&#8221; header_text_color=&#8221;#FFFFFF&#8221; header_font_size=&#8221;22px&#8221; body_font=&#8221;Poppins|300|||||||&#8221; body_text_align=&#8221;left&#8221; body_text_color=&#8221;rgba(255,255,255,0.66)&#8221; body_text_shadow_style=&#8221;preset1&#8243; global_colors_info=&#8221;{}&#8221;]<\/p>\n<p>West Boca Executive Suites<br \/>7777 Glades Rd. Suite 100<br \/>Boca Raton, FL 33434<\/p>\n<p>[\/et_pb_blurb][\/et_pb_column_inner][\/et_pb_row_inner][\/et_pb_column][et_pb_column type=&#8221;1_2&#8243; _builder_version=&#8221;4.16&#8243; custom_padding=&#8221;|||&#8221; global_colors_info=&#8221;{}&#8221; custom_padding__hover=&#8221;|||&#8221;][et_pb_contact_form captcha=&#8221;off&#8221; custom_message=&#8221;Nombre: %%Name%%||et_pb_line_break_holder||Tel\u00e9fono: %%Phone%%||et_pb_line_break_holder||Inquiry_Type||et_pb_line_break_holder||Correo electr\u00f3nico: %%Mail%%||et_pb_line_break_holder||Mensaje: %%Message%%||et_pb_line_break_holder||Verificaci\u00f3n&#8221; _builder_version=&#8221;4.22.1&#8243; _module_preset=&#8221;default&#8221; _unique_id=&#8221;e2ce0209-1243-45a4-adaa-8901644f005c&#8221; form_field_background_color=&#8221;rgba(255,255,255,0.1)&#8221; form_field_text_color=&#8221;rgba(255,255,255,0.5)&#8221; form_field_focus_background_color=&#8221;rgba(255,255,255,0.37)&#8221; form_field_focus_text_color=&#8221;#FFFFFF&#8221; title_font=&#8221;Strait|700|||||||&#8221; title_text_color=&#8221;#FFFFFF&#8221; title_font_size=&#8221;30px&#8221; form_field_font=&#8221;Poppins|300|||||||&#8221; custom_button=&#8221;on&#8221; button_text_color=&#8221;#000000&#8243; button_bg_color=&#8221;#FFFFFF&#8221; button_border_width=&#8221;2px&#8221; button_border_radius=&#8221;18px&#8221; button_font=&#8221;Poppins|600|||||||&#8221; animation_style=&#8221;bounce&#8221; title_text_shadow_style=&#8221;preset1&#8243; form_field_text_shadow_style=&#8221;preset1&#8243; border_radii=&#8221;on|22px|22px|22px|22px&#8221; global_colors_info=&#8221;{}&#8221;][et_pb_contact_field field_id=&#8221;Name&#8221; field_title=&#8221;Name&#8221; _builder_version=&#8221;4.16&#8243; global_colors_info=&#8221;{}&#8221; button_text_size__hover_enabled=&#8221;off&#8221; button_one_text_size__hover_enabled=&#8221;off&#8221; button_two_text_size__hover_enabled=&#8221;off&#8221; button_text_color__hover_enabled=&#8221;off&#8221; button_one_text_color__hover_enabled=&#8221;off&#8221; button_two_text_color__hover_enabled=&#8221;off&#8221; button_border_width__hover_enabled=&#8221;off&#8221; button_one_border_width__hover_enabled=&#8221;off&#8221; button_two_border_width__hover_enabled=&#8221;off&#8221; button_border_color__hover_enabled=&#8221;off&#8221; button_one_border_color__hover_enabled=&#8221;off&#8221; button_two_border_color__hover_enabled=&#8221;off&#8221; button_border_radius__hover_enabled=&#8221;off&#8221; button_one_border_radius__hover_enabled=&#8221;off&#8221; button_two_border_radius__hover_enabled=&#8221;off&#8221; button_letter_spacing__hover_enabled=&#8221;off&#8221; button_one_letter_spacing__hover_enabled=&#8221;off&#8221; button_two_letter_spacing__hover_enabled=&#8221;off&#8221; button_bg_color__hover_enabled=&#8221;off&#8221; button_one_bg_color__hover_enabled=&#8221;off&#8221; button_two_bg_color__hover_enabled=&#8221;off&#8221;][\/et_pb_contact_field][et_pb_contact_field field_id=&#8221;Number&#8221; field_title=&#8221;Number&#8221; _builder_version=&#8221;4.22.1&#8243; global_colors_info=&#8221;{}&#8221; button_text_size__hover_enabled=&#8221;off&#8221; button_one_text_size__hover_enabled=&#8221;off&#8221; button_two_text_size__hover_enabled=&#8221;off&#8221; button_text_color__hover_enabled=&#8221;off&#8221; button_one_text_color__hover_enabled=&#8221;off&#8221; button_two_text_color__hover_enabled=&#8221;off&#8221; button_border_width__hover_enabled=&#8221;off&#8221; button_one_border_width__hover_enabled=&#8221;off&#8221; button_two_border_width__hover_enabled=&#8221;off&#8221; button_border_color__hover_enabled=&#8221;off&#8221; button_one_border_color__hover_enabled=&#8221;off&#8221; button_two_border_color__hover_enabled=&#8221;off&#8221; button_border_radius__hover_enabled=&#8221;off&#8221; button_one_border_radius__hover_enabled=&#8221;off&#8221; button_two_border_radius__hover_enabled=&#8221;off&#8221; button_letter_spacing__hover_enabled=&#8221;off&#8221; button_one_letter_spacing__hover_enabled=&#8221;off&#8221; button_two_letter_spacing__hover_enabled=&#8221;off&#8221; button_bg_color__hover_enabled=&#8221;off&#8221; button_one_bg_color__hover_enabled=&#8221;off&#8221; button_two_bg_color__hover_enabled=&#8221;off&#8221;][\/et_pb_contact_field][et_pb_contact_field field_id=&#8221;Email&#8221; field_title=&#8221;Email Address&#8221; field_type=&#8221;email&#8221; fullwidth_field=&#8221;on&#8221; _builder_version=&#8221;4.22.1&#8243; global_colors_info=&#8221;{}&#8221; button_text_size__hover_enabled=&#8221;off&#8221; button_one_text_size__hover_enabled=&#8221;off&#8221; button_two_text_size__hover_enabled=&#8221;off&#8221; button_text_color__hover_enabled=&#8221;off&#8221; button_one_text_color__hover_enabled=&#8221;off&#8221; button_two_text_color__hover_enabled=&#8221;off&#8221; button_border_width__hover_enabled=&#8221;off&#8221; button_one_border_width__hover_enabled=&#8221;off&#8221; button_two_border_width__hover_enabled=&#8221;off&#8221; button_border_color__hover_enabled=&#8221;off&#8221; button_one_border_color__hover_enabled=&#8221;off&#8221; button_two_border_color__hover_enabled=&#8221;off&#8221; button_border_radius__hover_enabled=&#8221;off&#8221; button_one_border_radius__hover_enabled=&#8221;off&#8221; button_two_border_radius__hover_enabled=&#8221;off&#8221; button_letter_spacing__hover_enabled=&#8221;off&#8221; button_one_letter_spacing__hover_enabled=&#8221;off&#8221; button_two_letter_spacing__hover_enabled=&#8221;off&#8221; button_bg_color__hover_enabled=&#8221;off&#8221; button_one_bg_color__hover_enabled=&#8221;off&#8221; button_two_bg_color__hover_enabled=&#8221;off&#8221;][\/et_pb_contact_field][et_pb_contact_field field_id=&#8221;Inquiry_Type&#8221; field_title=&#8221;Inquiry Type&#8221; field_type=&#8221;select&#8221; select_options=&#8221;%91{%22value%22:%22A. Lending%22,%22checked%22:0,%22dragID%22:-1},{%22value%22:%22B. Real Estate%22,%22checked%22:0,%22dragID%22:0},{%22value%22:%22C. Business Structuring%22,%22checked%22:0,%22dragID%22:1},{%22value%22:%22D. Partner With Us%22,%22checked%22:0,%22dragID%22:2}%93&#8243; fullwidth_field=&#8221;on&#8221; _builder_version=&#8221;4.22.1&#8243; form_field_background_color=&#8221;rgba(255,255,255,0.07)&#8221; form_field_text_color=&#8221;rgba(255,255,255,0.53)&#8221; form_field_focus_background_color=&#8221;#FFFFFF&#8221; form_field_focus_text_color=&#8221;#000000&#8243; form_field_font_size=&#8221;14px&#8221; global_colors_info=&#8221;{}&#8221; button_text_size__hover_enabled=&#8221;off&#8221; button_one_text_size__hover_enabled=&#8221;off&#8221; button_two_text_size__hover_enabled=&#8221;off&#8221; button_text_color__hover_enabled=&#8221;off&#8221; button_one_text_color__hover_enabled=&#8221;off&#8221; button_two_text_color__hover_enabled=&#8221;off&#8221; button_border_width__hover_enabled=&#8221;off&#8221; button_one_border_width__hover_enabled=&#8221;off&#8221; button_two_border_width__hover_enabled=&#8221;off&#8221; button_border_color__hover_enabled=&#8221;off&#8221; button_one_border_color__hover_enabled=&#8221;off&#8221; button_two_border_color__hover_enabled=&#8221;off&#8221; button_border_radius__hover_enabled=&#8221;off&#8221; button_one_border_radius__hover_enabled=&#8221;off&#8221; button_two_border_radius__hover_enabled=&#8221;off&#8221; button_letter_spacing__hover_enabled=&#8221;off&#8221; button_one_letter_spacing__hover_enabled=&#8221;off&#8221; button_two_letter_spacing__hover_enabled=&#8221;off&#8221; button_bg_color__hover_enabled=&#8221;off&#8221; button_one_bg_color__hover_enabled=&#8221;off&#8221; button_two_bg_color__hover_enabled=&#8221;off&#8221;][\/et_pb_contact_field][et_pb_contact_field field_id=&#8221;Message&#8221; field_title=&#8221;Message&#8221; field_type=&#8221;text&#8221; fullwidth_field=&#8221;on&#8221; _builder_version=&#8221;4.16&#8243; global_colors_info=&#8221;{}&#8221; button_text_size__hover_enabled=&#8221;off&#8221; button_one_text_size__hover_enabled=&#8221;off&#8221; button_two_text_size__hover_enabled=&#8221;off&#8221; button_text_color__hover_enabled=&#8221;off&#8221; button_one_text_color__hover_enabled=&#8221;off&#8221; button_two_text_color__hover_enabled=&#8221;off&#8221; button_border_width__hover_enabled=&#8221;off&#8221; button_one_border_width__hover_enabled=&#8221;off&#8221; button_two_border_width__hover_enabled=&#8221;off&#8221; button_border_color__hover_enabled=&#8221;off&#8221; button_one_border_color__hover_enabled=&#8221;off&#8221; button_two_border_color__hover_enabled=&#8221;off&#8221; button_border_radius__hover_enabled=&#8221;off&#8221; button_one_border_radius__hover_enabled=&#8221;off&#8221; button_two_border_radius__hover_enabled=&#8221;off&#8221; button_letter_spacing__hover_enabled=&#8221;off&#8221; button_one_letter_spacing__hover_enabled=&#8221;off&#8221; button_two_letter_spacing__hover_enabled=&#8221;off&#8221; button_bg_color__hover_enabled=&#8221;off&#8221; button_one_bg_color__hover_enabled=&#8221;off&#8221; button_two_bg_color__hover_enabled=&#8221;off&#8221;][\/et_pb_contact_field][et_pb_contact_field field_id=&#8221;Verification&#8221; field_title=&#8221;Verification&#8221; field_type=&#8221;checkbox&#8221; checkbox_options=&#8221;%91{%22value%22:%22I accept the processing of my personal data.%22,%22checked%22:0,%22dragID%22:-1}%93&#8243; fullwidth_field=&#8221;on&#8221; _builder_version=&#8221;4.22.1&#8243; _module_preset=&#8221;default&#8221; global_colors_info=&#8221;{}&#8221;][\/et_pb_contact_field][\/et_pb_contact_form][\/et_pb_column][\/et_pb_section]<\/p>\n","protected":false},"excerpt":{"rendered":"<div class=\"et_pb_with_border et_pb_module dipi_before_after_slider dipi_before_after_slider_0\">\n\t\t\t\t\n\t\t\t\t\n\t\t\t\t\n\t\t\t\t\n\t\t\t\t\n\t\t\t\t\n\t\t\t\t<div class=\"et_pb_module_inner\">\n\t\t\t\t\t<div class=\"dipi_before_after_slider_container  &#8221;arrow&#8221;-handle_icon show_on_hover-overlay\" data-options=\"{&quot;before_image&quot;:&quot;&amp;#8221;https:\\\/\\\/kuberaacquisitions.com\\\/wp-content\\\/uploads\\\/2025\\\/07\\\/MERGERS-ACQUISITIONS-25.jpg&amp;#8221;&quot;,&quot;before_image_alt&quot;:&quot;&quot;,&quot;before_label&quot;:&quot;&amp;#8221;Before&quot;,&quot;after_image&quot;:&quot;&amp;#8221;https:\\\/\\\/kuberaacquisitions.com\\\/wp-content\\\/uploads\\\/2025\\\/07\\\/MERGERS-ACQUISITIONS-26.jpg&amp;#8221;&quot;,&quot;after_image_alt&quot;:&quot;&quot;,&quot;after_label&quot;:&quot;&amp;#8221;After&quot;,&quot;offset&quot;:&quot;50&quot;,&quot;direction&quot;:&quot;horizontal&quot;,&quot;move_slider&quot;:&quot;&amp;#8221;on_hover&amp;#8221;&quot;}\">\n            <\/div>\n\t\t\t\t<\/div>\n\t\t\t<\/div>\n","protected":false},"author":2,"featured_media":0,"parent":0,"menu_order":0,"comment_status":"closed","ping_status":"closed","template":"","meta":{"_et_pb_use_builder":"on","_et_pb_old_content":"<!-- wp:divi\/placeholder \/-->","_et_gb_content_width":"","footnotes":""},"dipi_cpt_category":[],"class_list":["post-65850","page","type-page","status-publish","hentry"],"_links":{"self":[{"href":"https:\/\/kuberaacquisitions.com\/index.php?rest_route=\/wp\/v2\/pages\/65850","targetHints":{"allow":["GET"]}}],"collection":[{"href":"https:\/\/kuberaacquisitions.com\/index.php?rest_route=\/wp\/v2\/pages"}],"about":[{"href":"https:\/\/kuberaacquisitions.com\/index.php?rest_route=\/wp\/v2\/types\/page"}],"author":[{"embeddable":true,"href":"https:\/\/kuberaacquisitions.com\/index.php?rest_route=\/wp\/v2\/users\/2"}],"replies":[{"embeddable":true,"href":"https:\/\/kuberaacquisitions.com\/index.php?rest_route=%2Fwp%2Fv2%2Fcomments&post=65850"}],"version-history":[{"count":5,"href":"https:\/\/kuberaacquisitions.com\/index.php?rest_route=\/wp\/v2\/pages\/65850\/revisions"}],"predecessor-version":[{"id":23479503,"href":"https:\/\/kuberaacquisitions.com\/index.php?rest_route=\/wp\/v2\/pages\/65850\/revisions\/23479503"}],"wp:attachment":[{"href":"https:\/\/kuberaacquisitions.com\/index.php?rest_route=%2Fwp%2Fv2%2Fmedia&parent=65850"}],"wp:term":[{"taxonomy":"dipi_cpt_category","embeddable":true,"href":"https:\/\/kuberaacquisitions.com\/index.php?rest_route=%2Fwp%2Fv2%2Fdipi_cpt_category&post=65850"}],"curies":[{"name":"wp","href":"https:\/\/api.w.org\/{rel}","templated":true}]}}